{"id":60,"date":"2019-11-25T15:40:00","date_gmt":"2019-11-25T14:40:00","guid":{"rendered":"http:\/\/plaisirdapprendre.ma\/?page_id=60"},"modified":"2019-11-25T15:42:13","modified_gmt":"2019-11-25T14:42:13","slug":"quest-ce-que-lorthopedagogie","status":"publish","type":"page","link":"http:\/\/plaisirdapprendre.ma\/index.php\/quest-ce-que-lorthopedagogie\/","title":{"rendered":"Qu\u2019est-ce que l\u2019orthop\u00e9dagogie ?"},"content":{"rendered":"\n<p>L&rsquo;orthop\u00e9dagogie est la science<a href=\"https:\/\/fr.wikipedia.org\/wiki\/Orthop%C3%A9dagogie#cite_note-1\"><sup>1<\/sup><\/a>&nbsp;de\nl&rsquo;\u00e9ducation dont l&rsquo;objet est l&rsquo;\u00e9valuation et l&rsquo;intervention relatives aux\napprenants&nbsp;susceptibles de pr\u00e9senter ou pr\u00e9sentant des difficult\u00e9s\nd&rsquo;apprentissage scolaire, incluant les&nbsp;<a href=\"https:\/\/fr.wikipedia.org\/wiki\/Trouble_d%27apprentissage\">troubles\nd&rsquo;apprentissage<\/a>. Sa pratique prend appui sur la\nrecherche en orthodidactique, en didactique, en p\u00e9dagogie et en sciences\ncognitives.<\/p>\n\n\n\n<p>L&rsquo;\u00e9valuation orthop\u00e9dagogique consiste \u00e0 pr\u00e9ciser les\ndifficult\u00e9s que pr\u00e9sente l&rsquo;apprenant sur le plan des connaissances, des\nstrat\u00e9gies et des processus cognitifs, principalement en lecture, en \u00e9criture\net en math\u00e9matique. Elle inclut le d\u00e9pistage des apprenants pouvant pr\u00e9senter\ndes difficult\u00e9s d&rsquo;apprentissage. L&rsquo;\u00e9valuation orthop\u00e9dagogique consid\u00e8re\n\u00e9galement d&rsquo;autres facteurs susceptibles d&rsquo;influencer l&rsquo;apprentissage, soit des\nfacteurs affectifs et motivationnels, sociofamiliaux et scolaires, notamment\nles approches p\u00e9dagogiques.<\/p>\n\n\n\n<p>S\u2019appuyant sur les conclusions&nbsp; \u00e9valuatives, l\u2019intervention\northop\u00e9dagogique a des vis\u00e9es pr\u00e9ventives ou r\u00e9\u00e9ducatives de nature corrective\nou compensatoire, afin de permettre \u00e0 l&rsquo;apprenant de progresser de fa\u00e7on\noptimale sur le plan des apprentissages scolaires en lecture, en \u00e9criture et en\nmath\u00e9matiques. Elle s\u2019adresse directement \u00e0 l\u2019apprenant et implique une\ncollaboration avec les intervenants concern\u00e9s (enseignants, parents,\nprofessionnels&#8230;)<\/p>\n\n\n\n<figure class=\"wp-block-gallery columns-1 is-cropped\"><ul class=\"blocks-gallery-grid\"><li class=\"blocks-gallery-item\"><figure><img loading=\"lazy\" width=\"500\" height=\"750\" src=\"http:\/\/plaisirdapprendre.ma\/wp-content\/uploads\/2019\/11\/pexels-photo-298825.jpeg\" alt=\"\" data-id=\"62\" data-full-url=\"http:\/\/plaisirdapprendre.ma\/wp-content\/uploads\/2019\/11\/pexels-photo-298825.jpeg\" data-link=\"http:\/\/plaisirdapprendre.ma\/pexels-photo-298825\/\" class=\"wp-image-62\" srcset=\"http:\/\/plaisirdapprendre.ma\/wp-content\/uploads\/2019\/11\/pexels-photo-298825.jpeg 500w, http:\/\/plaisirdapprendre.ma\/wp-content\/uploads\/2019\/11\/pexels-photo-298825-200x300.jpeg 200w, http:\/\/plaisirdapprendre.ma\/wp-content\/uploads\/2019\/11\/pexels-photo-298825-300x450.jpeg 300w\" sizes=\"(max-width: 500px) 100vw, 500px\" \/><\/figure><\/li><\/ul><\/figure>\n","protected":false},"excerpt":{"rendered":"<p>L&rsquo;orthop\u00e9dagogie est la science1&nbsp;de l&rsquo;\u00e9ducation dont l&rsquo;objet est l&rsquo;\u00e9valuation et l&rsquo;intervention relatives aux apprenants&nbsp;susceptibles de pr\u00e9senter ou pr\u00e9sentant des difficult\u00e9s d&rsquo;apprentissage scolaire, incluant les&nbsp;troubles d&rsquo;apprentissage. Sa pratique prend appui sur la recherche en orthodidactique, en didactique, en p\u00e9dagogie et en sciences cognitives. L&rsquo;\u00e9valuation orthop\u00e9dagogique consiste \u00e0 pr\u00e9ciser les difficult\u00e9s que pr\u00e9sente l&rsquo;apprenant sur le plan des connaissances, des strat\u00e9gies et &#8230; <\/p>\n<div><a href=\"http:\/\/plaisirdapprendre.ma\/index.php\/quest-ce-que-lorthopedagogie\/\" class=\"more-link\">Read More<\/a><\/div>\n","protected":false},"author":1,"featured_media":0,"parent":0,"menu_order":0,"comment_status":"closed","ping_status":"closed","template":"","meta":[],"_links":{"self":[{"href":"http:\/\/plaisirdapprendre.ma\/index.php\/wp-json\/wp\/v2\/pages\/60"}],"collection":[{"href":"http:\/\/plaisirdapprendre.ma\/index.php\/wp-json\/wp\/v2\/pages"}],"about":[{"href":"http:\/\/plaisirdapprendre.ma\/index.php\/wp-json\/wp\/v2\/types\/page"}],"author":[{"embeddable":true,"href":"http:\/\/plaisirdapprendre.ma\/index.php\/wp-json\/wp\/v2\/users\/1"}],"replies":[{"embeddable":true,"href":"http:\/\/plaisirdapprendre.ma\/index.php\/wp-json\/wp\/v2\/comments?post=60"}],"version-history":[{"count":2,"href":"http:\/\/plaisirdapprendre.ma\/index.php\/wp-json\/wp\/v2\/pages\/60\/revisions"}],"predecessor-version":[{"id":63,"href":"http:\/\/plaisirdapprendre.ma\/index.php\/wp-json\/wp\/v2\/pages\/60\/revisions\/63"}],"wp:attachment":[{"href":"http:\/\/plaisirdapprendre.ma\/index.php\/wp-json\/wp\/v2\/media?parent=60"}],"curies":[{"name":"wp","href":"https:\/\/api.w.org\/{rel}","templated":true}]}}