{"id":64,"date":"2019-11-25T15:45:23","date_gmt":"2019-11-25T14:45:23","guid":{"rendered":"http:\/\/plaisirdapprendre.ma\/?page_id=64"},"modified":"2020-01-03T09:53:00","modified_gmt":"2020-01-03T08:53:00","slug":"pour-quels-eleves","status":"publish","type":"page","link":"http:\/\/plaisirdapprendre.ma\/index.php\/pour-quels-eleves\/","title":{"rendered":"Pour quels \u00e9l\u00e8ves ?"},"content":{"rendered":"\n<figure class=\"wp-block-gallery columns-1 is-cropped\"><ul class=\"blocks-gallery-grid\"><li class=\"blocks-gallery-item\"><figure><img loading=\"lazy\" width=\"960\" height=\"593\" src=\"http:\/\/plaisirdapprendre.ma\/wp-content\/uploads\/2019\/11\/mathematics-2640219_960_720.jpg\" alt=\"\" data-id=\"65\" data-full-url=\"http:\/\/plaisirdapprendre.ma\/wp-content\/uploads\/2019\/11\/mathematics-2640219_960_720.jpg\" data-link=\"http:\/\/plaisirdapprendre.ma\/?attachment_id=65\" class=\"wp-image-65\" srcset=\"http:\/\/plaisirdapprendre.ma\/wp-content\/uploads\/2019\/11\/mathematics-2640219_960_720.jpg 960w, http:\/\/plaisirdapprendre.ma\/wp-content\/uploads\/2019\/11\/mathematics-2640219_960_720-300x185.jpg 300w, http:\/\/plaisirdapprendre.ma\/wp-content\/uploads\/2019\/11\/mathematics-2640219_960_720-768x474.jpg 768w\" sizes=\"(max-width: 960px) 100vw, 960px\" \/><\/figure><\/li><\/ul><\/figure>\n\n\n\n<p>Notre\naction se porte sur les enfants scolaris\u00e9s en \u00e9cole primaire, donc \u00e2g\u00e9s de 5 \u00e0\n11 ans.<\/p>\n\n\n\n<p>Notre cabinet d\u2019orthop\u00e9dagogie propose, aux parents et aux \u00e9tablissements scolaires, l\u2019\u00e9valuation des enfants ayant des difficult\u00e9s d\u2019apprentissage et propose des programmes de rem\u00e9diation.<\/p>\n\n\n\n<p> Les enfants que nous suivons pr\u00e9sentent une ou plusieurs des caract\u00e9ristiques suivantes\u00a0: <\/p>\n\n\n\n<ul><li>Parcours scolaire chaotique, \u00e9checs r\u00e9p\u00e9t\u00e9s.<\/li><li>Mauvaises notes, mauvaises appr\u00e9ciations des professeurs \u2013 \u00e9ventuellement menace de redoublement.<\/li><li>Retard dans un ou plusieurs apprentissages, g\u00e9n\u00e9ralement la lecture, l\u2019\u00e9criture et\/ou les math\u00e9matiques.<\/li><li>Signalement de comportement\u00a0: \u00e9l\u00e8ve distrait, agit\u00e9, hyperactif peut-\u00eatre agressif ou au contraire \u00e9l\u00e8ve en retrait et solitaire.<\/li><\/ul>\n\n\n\n<p>Si une ou plusieurs de ces caract\u00e9ristiques s\u2019installent dans le temps malgr\u00e9 le travail des enseignants et l\u2019attention des parents, alors c\u2019est le moment pour une consultation en orthop\u00e9dagogie.<\/p>\n","protected":false},"excerpt":{"rendered":"<p>Notre action se porte sur les enfants scolaris\u00e9s en \u00e9cole primaire, donc \u00e2g\u00e9s de 5 \u00e0 11 ans. Notre cabinet d\u2019orthop\u00e9dagogie propose, aux parents et aux \u00e9tablissements scolaires, l\u2019\u00e9valuation des enfants ayant des difficult\u00e9s d\u2019apprentissage et propose des programmes de rem\u00e9diation. Les enfants que nous suivons pr\u00e9sentent une ou plusieurs des caract\u00e9ristiques suivantes\u00a0: Parcours scolaire chaotique, \u00e9checs r\u00e9p\u00e9t\u00e9s. Mauvaises notes, &#8230; <\/p>\n<div><a href=\"http:\/\/plaisirdapprendre.ma\/index.php\/pour-quels-eleves\/\" class=\"more-link\">Read More<\/a><\/div>\n","protected":false},"author":1,"featured_media":0,"parent":0,"menu_order":0,"comment_status":"closed","ping_status":"closed","template":"","meta":[],"_links":{"self":[{"href":"http:\/\/plaisirdapprendre.ma\/index.php\/wp-json\/wp\/v2\/pages\/64"}],"collection":[{"href":"http:\/\/plaisirdapprendre.ma\/index.php\/wp-json\/wp\/v2\/pages"}],"about":[{"href":"http:\/\/plaisirdapprendre.ma\/index.php\/wp-json\/wp\/v2\/types\/page"}],"author":[{"embeddable":true,"href":"http:\/\/plaisirdapprendre.ma\/index.php\/wp-json\/wp\/v2\/users\/1"}],"replies":[{"embeddable":true,"href":"http:\/\/plaisirdapprendre.ma\/index.php\/wp-json\/wp\/v2\/comments?post=64"}],"version-history":[{"count":2,"href":"http:\/\/plaisirdapprendre.ma\/index.php\/wp-json\/wp\/v2\/pages\/64\/revisions"}],"predecessor-version":[{"id":178,"href":"http:\/\/plaisirdapprendre.ma\/index.php\/wp-json\/wp\/v2\/pages\/64\/revisions\/178"}],"wp:attachment":[{"href":"http:\/\/plaisirdapprendre.ma\/index.php\/wp-json\/wp\/v2\/media?parent=64"}],"curies":[{"name":"wp","href":"https:\/\/api.w.org\/{rel}","templated":true}]}}